{"id":46,"date":"2025-12-09T21:59:35","date_gmt":"2025-12-09T21:59:35","guid":{"rendered":"https:\/\/emocjetraumacialo.pl\/?page_id=46"},"modified":"2025-12-14T20:42:33","modified_gmt":"2025-12-14T20:42:33","slug":"sesja","status":"publish","type":"page","link":"http:\/\/emocjetraumacialo.pl\/index.php\/sesja\/","title":{"rendered":"Sesja"},"content":{"rendered":"\t\t<div data-elementor-type=\"wp-page\" data-elementor-id=\"46\" class=\"elementor elementor-46\">\n\t\t\t\t<div class=\"elementor-element elementor-element-d5796c0 e-flex e-con-boxed e-con e-parent\" data-id=\"d5796c0\" data-element_type=\"container\">\n\t\t\t\t\t<div class=\"e-con-inner\">\n\t\t\t\t<div class=\"elementor-element elementor-element-a32d465 elementor-widget elementor-widget-heading\" data-id=\"a32d465\" data-element_type=\"widget\" data-widget_type=\"heading.default\">\n\t\t\t\t\t<h2 class=\"elementor-heading-title elementor-size-default\">Sesja<\/h2>\t\t\t\t<\/div>\n\t\t\t\t\t<\/div>\n\t\t\t\t<\/div>\n\t\t<div class=\"elementor-element elementor-element-2b26317 e-flex e-con-boxed e-con e-parent\" data-id=\"2b26317\" data-element_type=\"container\">\n\t\t\t\t\t<div class=\"e-con-inner\">\n\t\t\t\t<div class=\"elementor-element elementor-element-bd75114 elementor-widget-divider--view-line elementor-widget elementor-widget-divider\" data-id=\"bd75114\" data-element_type=\"widget\" data-widget_type=\"divider.default\">\n\t\t\t\t\t\t\t<div class=\"elementor-divider\">\n\t\t\t<span class=\"elementor-divider-separator\">\n\t\t\t\t\t\t<\/span>\n\t\t<\/div>\n\t\t\t\t\t\t<\/div>\n\t\t\t\t\t<\/div>\n\t\t\t\t<\/div>\n\t\t<div class=\"elementor-element elementor-element-31c4ea5 e-flex e-con-boxed e-con e-parent\" data-id=\"31c4ea5\" data-element_type=\"container\">\n\t\t\t\t\t<div class=\"e-con-inner\">\n\t\t\t\t<div class=\"elementor-element elementor-element-eb4f0ec elementor-widget elementor-widget-text-editor\" data-id=\"eb4f0ec\" data-element_type=\"widget\" data-widget_type=\"text-editor.default\">\n\t\t\t\t\t\t\t\t\t<div dir=\"ltr\"><div dir=\"auto\"><div data-smartmail=\"gmail_signature\"><div dir=\"ltr\">Sesja terapeutyczna trwa 60 min<\/div><div dir=\"ltr\">\u00a0<\/div><div dir=\"ltr\">Dost\u0119pne formy spotka\u0144: w gabinecie lub on-line<\/div><div dir=\"ltr\">\u00a0<\/div><div dir=\"ltr\">Praca z m\u0142odzie\u017c\u0105 i doros\u0142ym<\/div><\/div><\/div><\/div>\t\t\t\t\t\t\t\t<\/div>\n\t\t\t\t\t<\/div>\n\t\t\t\t<\/div>\n\t\t\t\t<\/div>\n\t\t","protected":false},"excerpt":{"rendered":"<p>Sesja Sesja terapeutyczna trwa 60 min\u00a0Dost\u0119pne formy spotka\u0144: w gabinecie lub on-line\u00a0Praca z m\u0142odzie\u017c\u0105 i doros\u0142ym<\/p>\n","protected":false},"author":1,"featured_media":0,"parent":0,"menu_order":0,"comment_status":"closed","ping_status":"closed","template":"","meta":{"footnotes":""},"class_list":["post-46","page","type-page","status-publish","hentry"],"_links":{"self":[{"href":"http:\/\/emocjetraumacialo.pl\/index.php\/wp-json\/wp\/v2\/pages\/46","targetHints":{"allow":["GET"]}}],"collection":[{"href":"http:\/\/emocjetraumacialo.pl\/index.php\/wp-json\/wp\/v2\/pages"}],"about":[{"href":"http:\/\/emocjetraumacialo.pl\/index.php\/wp-json\/wp\/v2\/types\/page"}],"author":[{"embeddable":true,"href":"http:\/\/emocjetraumacialo.pl\/index.php\/wp-json\/wp\/v2\/users\/1"}],"replies":[{"embeddable":true,"href":"http:\/\/emocjetraumacialo.pl\/index.php\/wp-json\/wp\/v2\/comments?post=46"}],"version-history":[{"count":7,"href":"http:\/\/emocjetraumacialo.pl\/index.php\/wp-json\/wp\/v2\/pages\/46\/revisions"}],"predecessor-version":[{"id":92,"href":"http:\/\/emocjetraumacialo.pl\/index.php\/wp-json\/wp\/v2\/pages\/46\/revisions\/92"}],"wp:attachment":[{"href":"http:\/\/emocjetraumacialo.pl\/index.php\/wp-json\/wp\/v2\/media?parent=46"}],"curies":[{"name":"wp","href":"https:\/\/api.w.org\/{rel}","templated":true}]}}