{"id":36,"date":"2025-12-14T19:44:13","date_gmt":"2025-12-14T19:44:13","guid":{"rendered":"https:\/\/emocjetraumacialo.pl\/?page_id=36"},"modified":"2026-03-04T09:17:49","modified_gmt":"2026-03-04T09:17:49","slug":"o-mnie","status":"publish","type":"page","link":"http:\/\/emocjetraumacialo.pl\/index.php\/o-mnie\/","title":{"rendered":"O mnie"},"content":{"rendered":"\t\t<div data-elementor-type=\"wp-page\" data-elementor-id=\"36\" class=\"elementor elementor-36\">\n\t\t\t\t<div class=\"elementor-element elementor-element-1500638 e-flex e-con-boxed e-con e-parent\" data-id=\"1500638\" data-element_type=\"container\">\n\t\t\t\t\t<div class=\"e-con-inner\">\n\t\t\t\t<div class=\"elementor-element elementor-element-2c62b93 elementor-widget elementor-widget-heading\" data-id=\"2c62b93\" data-element_type=\"widget\" data-widget_type=\"heading.default\">\n\t\t\t\t\t<h2 class=\"elementor-heading-title elementor-size-default\">O mnie<\/h2>\t\t\t\t<\/div>\n\t\t\t\t\t<\/div>\n\t\t\t\t<\/div>\n\t\t<div class=\"elementor-element elementor-element-5f13bab e-flex e-con-boxed e-con e-parent\" data-id=\"5f13bab\" data-element_type=\"container\">\n\t\t\t\t\t<div class=\"e-con-inner\">\n\t\t\t\t<div class=\"elementor-element elementor-element-e36fddd elementor-widget-divider--view-line elementor-widget elementor-widget-divider\" data-id=\"e36fddd\" data-element_type=\"widget\" data-widget_type=\"divider.default\">\n\t\t\t\t\t\t\t<div class=\"elementor-divider\">\n\t\t\t<span class=\"elementor-divider-separator\">\n\t\t\t\t\t\t<\/span>\n\t\t<\/div>\n\t\t\t\t\t\t<\/div>\n\t\t\t\t\t<\/div>\n\t\t\t\t<\/div>\n\t\t<div class=\"elementor-element elementor-element-a36c967 e-flex e-con-boxed e-con e-parent\" data-id=\"a36c967\" data-element_type=\"container\">\n\t\t\t\t\t<div class=\"e-con-inner\">\n\t\t<div class=\"elementor-element elementor-element-3c502a1 e-con-full e-flex e-con e-child\" data-id=\"3c502a1\" data-element_type=\"container\">\n\t\t\t\t<div class=\"elementor-element elementor-element-8321997 elementor-widget elementor-widget-image\" data-id=\"8321997\" data-element_type=\"widget\" data-widget_type=\"image.default\">\n\t\t\t\t\t\t\t\t\t\t\t\t\t\t\t<img fetchpriority=\"high\" decoding=\"async\" width=\"683\" height=\"1024\" src=\"https:\/\/emocjetraumacialo.pl\/wp-content\/uploads\/2026\/03\/Damian-Lazuka-Terapia-Zdjecie-683x1024.jpg\" class=\"attachment-large size-large wp-image-114\" alt=\"\" srcset=\"https:\/\/emocjetraumacialo.pl\/wp-content\/uploads\/2026\/03\/Damian-Lazuka-Terapia-Zdjecie-683x1024.jpg 683w, https:\/\/emocjetraumacialo.pl\/wp-content\/uploads\/2026\/03\/Damian-Lazuka-Terapia-Zdjecie-200x300.jpg 200w, https:\/\/emocjetraumacialo.pl\/wp-content\/uploads\/2026\/03\/Damian-Lazuka-Terapia-Zdjecie-768x1152.jpg 768w, https:\/\/emocjetraumacialo.pl\/wp-content\/uploads\/2026\/03\/Damian-Lazuka-Terapia-Zdjecie-1024x1536.jpg 1024w, https:\/\/emocjetraumacialo.pl\/wp-content\/uploads\/2026\/03\/Damian-Lazuka-Terapia-Zdjecie-1365x2048.jpg 1365w, https:\/\/emocjetraumacialo.pl\/wp-content\/uploads\/2026\/03\/Damian-Lazuka-Terapia-Zdjecie-1140x1710.jpg 1140w, https:\/\/emocjetraumacialo.pl\/wp-content\/uploads\/2026\/03\/Damian-Lazuka-Terapia-Zdjecie-920x1380.jpg 920w, https:\/\/emocjetraumacialo.pl\/wp-content\/uploads\/2026\/03\/Damian-Lazuka-Terapia-Zdjecie-575x863.jpg 575w, https:\/\/emocjetraumacialo.pl\/wp-content\/uploads\/2026\/03\/Damian-Lazuka-Terapia-Zdjecie-380x570.jpg 380w, https:\/\/emocjetraumacialo.pl\/wp-content\/uploads\/2026\/03\/Damian-Lazuka-Terapia-Zdjecie-scaled.jpg 1707w\" sizes=\"(max-width: 683px) 100vw, 683px\" \/>\t\t\t\t\t\t\t\t\t\t\t\t\t\t\t<\/div>\n\t\t\t\t<\/div>\n\t\t<div class=\"elementor-element elementor-element-eadd62e e-con-full e-flex e-con e-child\" data-id=\"eadd62e\" data-element_type=\"container\">\n\t\t\t\t<div class=\"elementor-element elementor-element-8dd3dac elementor-widget elementor-widget-text-editor\" data-id=\"8dd3dac\" data-element_type=\"widget\" data-widget_type=\"text-editor.default\">\n\t\t\t\t\t\t\t\t\t<p>Jestem certyfikowanym terapeut\u0105 specjalizuj\u0105cym si\u0119 w terapii os\u00f3b po prze\u017cyciach traumatycznych oraz psychoterapeut\u0105 somatycznym szko\u0142y Bodynamic (w trakcie certyfikacji). W pracy szczeg\u00f3ln\u0105 uwag\u0119 kieruj\u0119 na cia\u0142o i funkcjonowanie uk\u0142adu nerwowego.<\/p><p>Metody w zakresie kt\u00f3rych odby\u0142em szkolenia: <strong>Somatic Experiencing<\/strong>, <strong>SOMA Embodiment<\/strong> oraz <strong>Emotion Aid<\/strong>. Rodzaj metody pracy i pomocy terapeutycznej dopasowuj\u0119 do osoby i rodzaju jej do\u015bwiadczenia. Cz\u0119sto \u0142\u0105cz\u0119 metody. Dzi\u0119ki temu przepracowywanie do\u015bwiadcze\u0144 traumatycznych jest efektywne i szybsze.<\/p><p>Nieustannie poszerzam swoj\u0105 wiedz\u0119 uczestnicz\u0105c w niezb\u0119dnych dla mojej pracy kursach i szkoleniach w obszarze pracy z traum\u0105 a moja praca poddawana jest regularnej superwizji.<\/p>\t\t\t\t\t\t\t\t<\/div>\n\t\t\t\t<\/div>\n\t\t\t\t\t<\/div>\n\t\t\t\t<\/div>\n\t\t\t\t<\/div>\n\t\t","protected":false},"excerpt":{"rendered":"<p>O mnie Jestem certyfikowanym terapeut\u0105 specjalizuj\u0105cym si\u0119 w terapii os\u00f3b po prze\u017cyciach traumatycznych oraz psychoterapeut\u0105 somatycznym szko\u0142y Bodynamic (w trakcie certyfikacji). W pracy szczeg\u00f3ln\u0105 uwag\u0119 kieruj\u0119 na cia\u0142o i funkcjonowanie [&hellip;]<\/p>\n","protected":false},"author":1,"featured_media":0,"parent":0,"menu_order":0,"comment_status":"closed","ping_status":"closed","template":"","meta":{"footnotes":""},"class_list":["post-36","page","type-page","status-publish","hentry"],"_links":{"self":[{"href":"http:\/\/emocjetraumacialo.pl\/index.php\/wp-json\/wp\/v2\/pages\/36","targetHints":{"allow":["GET"]}}],"collection":[{"href":"http:\/\/emocjetraumacialo.pl\/index.php\/wp-json\/wp\/v2\/pages"}],"about":[{"href":"http:\/\/emocjetraumacialo.pl\/index.php\/wp-json\/wp\/v2\/types\/page"}],"author":[{"embeddable":true,"href":"http:\/\/emocjetraumacialo.pl\/index.php\/wp-json\/wp\/v2\/users\/1"}],"replies":[{"embeddable":true,"href":"http:\/\/emocjetraumacialo.pl\/index.php\/wp-json\/wp\/v2\/comments?post=36"}],"version-history":[{"count":16,"href":"http:\/\/emocjetraumacialo.pl\/index.php\/wp-json\/wp\/v2\/pages\/36\/revisions"}],"predecessor-version":[{"id":117,"href":"http:\/\/emocjetraumacialo.pl\/index.php\/wp-json\/wp\/v2\/pages\/36\/revisions\/117"}],"wp:attachment":[{"href":"http:\/\/emocjetraumacialo.pl\/index.php\/wp-json\/wp\/v2\/media?parent=36"}],"curies":[{"name":"wp","href":"https:\/\/api.w.org\/{rel}","templated":true}]}}