{"id":14,"date":"2025-12-09T21:48:30","date_gmt":"2025-12-09T21:48:30","guid":{"rendered":"https:\/\/emocjetraumacialo.pl\/?page_id=14"},"modified":"2025-12-14T20:28:03","modified_gmt":"2025-12-14T20:28:03","slug":"strona-glowna","status":"publish","type":"page","link":"http:\/\/emocjetraumacialo.pl\/","title":{"rendered":"Strona G\u0142\u00f3wna"},"content":{"rendered":"\t\t<div data-elementor-type=\"wp-page\" data-elementor-id=\"14\" class=\"elementor elementor-14\">\n\t\t\t\t<div class=\"elementor-element elementor-element-640728e e-flex e-con-boxed e-con e-parent\" data-id=\"640728e\" data-element_type=\"container\" data-settings=\"{&quot;background_background&quot;:&quot;classic&quot;}\">\n\t\t\t\t\t<div class=\"e-con-inner\">\n\t\t\t\t<div class=\"elementor-element elementor-element-8e667b6 elementor-widget elementor-widget-text-editor\" data-id=\"8e667b6\" data-element_type=\"widget\" data-widget_type=\"text-editor.default\">\n\t\t\t\t\t\t\t\t\t<div dir=\"ltr\"><h3 dir=\"auto\">&#8222;Kto wygl\u0105da na zewn\u0105trz, \u015bpi; kto zagl\u0105da do \u015brodka, budzi si\u0119&#8221;<\/h3><h3 dir=\"auto\">Carl Jung<\/h3><\/div>\t\t\t\t\t\t\t\t<\/div>\n\t\t\t\t\t<\/div>\n\t\t\t\t<\/div>\n\t\t\t\t<\/div>\n\t\t","protected":false},"excerpt":{"rendered":"<p>&#8222;Kto wygl\u0105da na zewn\u0105trz, \u015bpi; kto zagl\u0105da do \u015brodka, budzi si\u0119&#8221; Carl Jung<\/p>\n","protected":false},"author":1,"featured_media":0,"parent":0,"menu_order":0,"comment_status":"closed","ping_status":"closed","template":"","meta":{"footnotes":""},"class_list":["post-14","page","type-page","status-publish","hentry"],"_links":{"self":[{"href":"http:\/\/emocjetraumacialo.pl\/index.php\/wp-json\/wp\/v2\/pages\/14","targetHints":{"allow":["GET"]}}],"collection":[{"href":"http:\/\/emocjetraumacialo.pl\/index.php\/wp-json\/wp\/v2\/pages"}],"about":[{"href":"http:\/\/emocjetraumacialo.pl\/index.php\/wp-json\/wp\/v2\/types\/page"}],"author":[{"embeddable":true,"href":"http:\/\/emocjetraumacialo.pl\/index.php\/wp-json\/wp\/v2\/users\/1"}],"replies":[{"embeddable":true,"href":"http:\/\/emocjetraumacialo.pl\/index.php\/wp-json\/wp\/v2\/comments?post=14"}],"version-history":[{"count":19,"href":"http:\/\/emocjetraumacialo.pl\/index.php\/wp-json\/wp\/v2\/pages\/14\/revisions"}],"predecessor-version":[{"id":72,"href":"http:\/\/emocjetraumacialo.pl\/index.php\/wp-json\/wp\/v2\/pages\/14\/revisions\/72"}],"wp:attachment":[{"href":"http:\/\/emocjetraumacialo.pl\/index.php\/wp-json\/wp\/v2\/media?parent=14"}],"curies":[{"name":"wp","href":"https:\/\/api.w.org\/{rel}","templated":true}]}}